{"id":493,"date":"2024-07-08T16:33:53","date_gmt":"2024-07-08T15:33:53","guid":{"rendered":"http:\/\/www.p-ba.de\/blog\/?page_id=493"},"modified":"2024-07-08T16:33:53","modified_gmt":"2024-07-08T15:33:53","slug":"projekte-3","status":"publish","type":"page","link":"https:\/\/www.p-ba.de\/","title":{"rendered":"Projekte"},"content":{"rendered":"<div id='gallery-1' class='gallery galleryid-493 gallery-columns-4 gallery-size-thumbnail'><figure class='gallery-item'>\n\t\t\t<div class='gallery-icon landscape'>\n\t\t\t\t<a href='https:\/\/www.p-ba.de\/blog\/wp-content\/uploads\/2018\/05\/253-16003.jpg'><img loading=\"lazy\" decoding=\"async\" width=\"150\" height=\"150\" src=\"https:\/\/www.p-ba.de\/blog\/wp-content\/uploads\/2018\/05\/253-16003-150x150.jpg\" class=\"attachment-thumbnail size-thumbnail\" alt=\"\" aria-describedby=\"gallery-1-667\" srcset=\"https:\/\/www.p-ba.de\/blog\/wp-content\/uploads\/2018\/05\/253-16003-150x150.jpg 150w, https:\/\/www.p-ba.de\/blog\/wp-content\/uploads\/2018\/05\/253-16003-100x100.jpg 100w\" sizes=\"auto, 100vw\" \/><\/a>\n\t\t\t<\/div>\n\t\t\t\t<figcaption class='wp-caption-text gallery-caption' id='gallery-1-667'>\n\t\t\t\tNeubau Wohnhaus\n\t\t\t\t<\/figcaption><\/figure><figure class='gallery-item'>\n\t\t\t<div class='gallery-icon landscape'>\n\t\t\t\t<a href='https:\/\/www.p-ba.de\/blog\/wp-content\/uploads\/2018\/04\/253-16002-2.jpg'><img loading=\"lazy\" decoding=\"async\" width=\"150\" height=\"150\" src=\"https:\/\/www.p-ba.de\/blog\/wp-content\/uploads\/2018\/04\/253-16002-2-150x150.jpg\" class=\"attachment-thumbnail size-thumbnail\" alt=\"\" aria-describedby=\"gallery-1-637\" srcset=\"https:\/\/www.p-ba.de\/blog\/wp-content\/uploads\/2018\/04\/253-16002-2-150x150.jpg 150w, https:\/\/www.p-ba.de\/blog\/wp-content\/uploads\/2018\/04\/253-16002-2-100x100.jpg 100w\" sizes=\"auto, 100vw\" \/><\/a>\n\t\t\t<\/div>\n\t\t\t\t<figcaption class='wp-caption-text gallery-caption' id='gallery-1-637'>\n\t\t\t\tNeubau Wohnhaus\n\t\t\t\t<\/figcaption><\/figure><figure class='gallery-item'>\n\t\t\t<div class='gallery-icon landscape'>\n\t\t\t\t<a href='https:\/\/www.p-ba.de\/blog\/wp-content\/uploads\/2018\/04\/363-16001.jpg'><img loading=\"lazy\" decoding=\"async\" width=\"150\" height=\"150\" src=\"https:\/\/www.p-ba.de\/blog\/wp-content\/uploads\/2018\/04\/363-16001-150x150.jpg\" class=\"attachment-thumbnail size-thumbnail\" alt=\"\" aria-describedby=\"gallery-1-646\" srcset=\"https:\/\/www.p-ba.de\/blog\/wp-content\/uploads\/2018\/04\/363-16001-150x150.jpg 150w, https:\/\/www.p-ba.de\/blog\/wp-content\/uploads\/2018\/04\/363-16001-100x100.jpg 100w\" sizes=\"auto, 100vw\" \/><\/a>\n\t\t\t<\/div>\n\t\t\t\t<figcaption class='wp-caption-text gallery-caption' id='gallery-1-646'>\n\t\t\t\tNeubau Wohnhaus\n\t\t\t\t<\/figcaption><\/figure><figure class='gallery-item'>\n\t\t\t<div class='gallery-icon portrait'>\n\t\t\t\t<a href='https:\/\/www.p-ba.de\/blog\/wp-content\/uploads\/2017\/05\/DSCF5945.jpg'><img loading=\"lazy\" decoding=\"async\" width=\"150\" height=\"150\" src=\"https:\/\/www.p-ba.de\/blog\/wp-content\/uploads\/2017\/05\/DSCF5945-150x150.jpg\" class=\"attachment-thumbnail size-thumbnail\" alt=\"\" aria-describedby=\"gallery-1-548\" srcset=\"https:\/\/www.p-ba.de\/blog\/wp-content\/uploads\/2017\/05\/DSCF5945-150x150.jpg 150w, https:\/\/www.p-ba.de\/blog\/wp-content\/uploads\/2017\/05\/DSCF5945-100x100.jpg 100w\" sizes=\"auto, 100vw\" \/><\/a>\n\t\t\t<\/div>\n\t\t\t\t<figcaption class='wp-caption-text gallery-caption' id='gallery-1-548'>\n\t\t\t\tAnbau und energetische Sanierung\n\t\t\t\t<\/figcaption><\/figure><figure class='gallery-item'>\n\t\t\t<div class='gallery-icon landscape'>\n\t\t\t\t<a href='https:\/\/www.p-ba.de\/blog\/wp-content\/uploads\/2018\/04\/088-1600-2.jpg'><img loading=\"lazy\" decoding=\"async\" width=\"150\" height=\"150\" src=\"https:\/\/www.p-ba.de\/blog\/wp-content\/uploads\/2018\/04\/088-1600-2-150x150.jpg\" class=\"attachment-thumbnail size-thumbnail\" alt=\"\" aria-describedby=\"gallery-1-618\" srcset=\"https:\/\/www.p-ba.de\/blog\/wp-content\/uploads\/2018\/04\/088-1600-2-150x150.jpg 150w, https:\/\/www.p-ba.de\/blog\/wp-content\/uploads\/2018\/04\/088-1600-2-100x100.jpg 100w\" sizes=\"auto, 100vw\" \/><\/a>\n\t\t\t<\/div>\n\t\t\t\t<figcaption class='wp-caption-text gallery-caption' id='gallery-1-618'>\n\t\t\t\tNeubau Wohnhaus\n\t\t\t\t<\/figcaption><\/figure><figure class='gallery-item'>\n\t\t\t<div class='gallery-icon landscape'>\n\t\t\t\t<a href='https:\/\/www.p-ba.de\/blog\/wp-content\/uploads\/2018\/04\/185-1600-1.jpg'><img loading=\"lazy\" decoding=\"async\" width=\"150\" height=\"150\" src=\"https:\/\/www.p-ba.de\/blog\/wp-content\/uploads\/2018\/04\/185-1600-1-150x150.jpg\" class=\"attachment-thumbnail size-thumbnail\" alt=\"\" aria-describedby=\"gallery-1-627\" srcset=\"https:\/\/www.p-ba.de\/blog\/wp-content\/uploads\/2018\/04\/185-1600-1-150x150.jpg 150w, https:\/\/www.p-ba.de\/blog\/wp-content\/uploads\/2018\/04\/185-1600-1-100x100.jpg 100w\" sizes=\"auto, 100vw\" \/><\/a>\n\t\t\t<\/div>\n\t\t\t\t<figcaption class='wp-caption-text gallery-caption' id='gallery-1-627'>\n\t\t\t\tAufstockung Wohnhaus und Sanierung\n\t\t\t\t<\/figcaption><\/figure><figure class='gallery-item'>\n\t\t\t<div class='gallery-icon landscape'>\n\t\t\t\t<a href='https:\/\/www.p-ba.de\/blog\/wp-content\/uploads\/2018\/04\/097-1600-1.jpg'><img loading=\"lazy\" decoding=\"async\" width=\"150\" height=\"150\" src=\"https:\/\/www.p-ba.de\/blog\/wp-content\/uploads\/2018\/04\/097-1600-1-150x150.jpg\" class=\"attachment-thumbnail size-thumbnail\" alt=\"\" aria-describedby=\"gallery-1-621\" srcset=\"https:\/\/www.p-ba.de\/blog\/wp-content\/uploads\/2018\/04\/097-1600-1-150x150.jpg 150w, https:\/\/www.p-ba.de\/blog\/wp-content\/uploads\/2018\/04\/097-1600-1-100x100.jpg 100w\" sizes=\"auto, 100vw\" \/><\/a>\n\t\t\t<\/div>\n\t\t\t\t<figcaption class='wp-caption-text gallery-caption' id='gallery-1-621'>\n\t\t\t\tNeubau Wohnhaus \n\t\t\t\t<\/figcaption><\/figure><figure class='gallery-item'>\n\t\t\t<div class='gallery-icon landscape'>\n\t\t\t\t<a href='https:\/\/www.p-ba.de\/blog\/wp-content\/uploads\/2018\/04\/134-1600-1.jpg'><img loading=\"lazy\" decoding=\"async\" width=\"150\" height=\"150\" src=\"https:\/\/www.p-ba.de\/blog\/wp-content\/uploads\/2018\/04\/134-1600-1-150x150.jpg\" class=\"attachment-thumbnail size-thumbnail\" alt=\"\" aria-describedby=\"gallery-1-624\" srcset=\"https:\/\/www.p-ba.de\/blog\/wp-content\/uploads\/2018\/04\/134-1600-1-150x150.jpg 150w, https:\/\/www.p-ba.de\/blog\/wp-content\/uploads\/2018\/04\/134-1600-1-100x100.jpg 100w\" sizes=\"auto, 100vw\" \/><\/a>\n\t\t\t<\/div>\n\t\t\t\t<figcaption class='wp-caption-text gallery-caption' id='gallery-1-624'>\n\t\t\t\tAufstockung Wohnhaus \n\t\t\t\t<\/figcaption><\/figure><figure class='gallery-item'>\n\t\t\t<div class='gallery-icon landscape'>\n\t\t\t\t<a href='https:\/\/www.p-ba.de\/blog\/wp-content\/uploads\/2018\/04\/433-16001.jpg'><img loading=\"lazy\" decoding=\"async\" width=\"150\" height=\"150\" src=\"https:\/\/www.p-ba.de\/blog\/wp-content\/uploads\/2018\/04\/433-16001-150x150.jpg\" class=\"attachment-thumbnail size-thumbnail\" alt=\"\" aria-describedby=\"gallery-1-643\" srcset=\"https:\/\/www.p-ba.de\/blog\/wp-content\/uploads\/2018\/04\/433-16001-150x150.jpg 150w, https:\/\/www.p-ba.de\/blog\/wp-content\/uploads\/2018\/04\/433-16001-100x100.jpg 100w\" sizes=\"auto, 100vw\" \/><\/a>\n\t\t\t<\/div>\n\t\t\t\t<figcaption class='wp-caption-text gallery-caption' id='gallery-1-643'>\n\t\t\t\tAufstockung und energetische Sanierung\n\t\t\t\t<\/figcaption><\/figure><figure class='gallery-item'>\n\t\t\t<div class='gallery-icon landscape'>\n\t\t\t\t<a href='https:\/\/www.p-ba.de\/blog\/wp-content\/uploads\/2018\/04\/338-16002.jpg'><img loading=\"lazy\" decoding=\"async\" width=\"150\" height=\"150\" src=\"https:\/\/www.p-ba.de\/blog\/wp-content\/uploads\/2018\/04\/338-16002-150x150.jpg\" class=\"attachment-thumbnail size-thumbnail\" alt=\"\" aria-describedby=\"gallery-1-642\" srcset=\"https:\/\/www.p-ba.de\/blog\/wp-content\/uploads\/2018\/04\/338-16002-150x150.jpg 150w, https:\/\/www.p-ba.de\/blog\/wp-content\/uploads\/2018\/04\/338-16002-100x100.jpg 100w\" sizes=\"auto, 100vw\" \/><\/a>\n\t\t\t<\/div>\n\t\t\t\t<figcaption class='wp-caption-text gallery-caption' id='gallery-1-642'>\n\t\t\t\tAufstockung mit energetischer Sanierung\n\t\t\t\t<\/figcaption><\/figure><figure class='gallery-item'>\n\t\t\t<div class='gallery-icon portrait'>\n\t\t\t\t<a href='https:\/\/www.p-ba.de\/blog\/wp-content\/uploads\/2018\/05\/010-16002.jpg'><img loading=\"lazy\" decoding=\"async\" width=\"150\" height=\"150\" src=\"https:\/\/www.p-ba.de\/blog\/wp-content\/uploads\/2018\/05\/010-16002-150x150.jpg\" class=\"attachment-thumbnail size-thumbnail\" alt=\"\" aria-describedby=\"gallery-1-671\" srcset=\"https:\/\/www.p-ba.de\/blog\/wp-content\/uploads\/2018\/05\/010-16002-150x150.jpg 150w, https:\/\/www.p-ba.de\/blog\/wp-content\/uploads\/2018\/05\/010-16002-100x100.jpg 100w\" sizes=\"auto, 100vw\" \/><\/a>\n\t\t\t<\/div>\n\t\t\t\t<figcaption class='wp-caption-text gallery-caption' id='gallery-1-671'>\n\t\t\t\tNeubau Wohnhaus \n\t\t\t\t<\/figcaption><\/figure><figure class='gallery-item'>\n\t\t\t<div class='gallery-icon landscape'>\n\t\t\t\t<a href='https:\/\/www.p-ba.de\/blog\/wp-content\/uploads\/2018\/04\/091-1600-1.jpg'><img loading=\"lazy\" decoding=\"async\" width=\"150\" height=\"150\" src=\"https:\/\/www.p-ba.de\/blog\/wp-content\/uploads\/2018\/04\/091-1600-1-150x150.jpg\" class=\"attachment-thumbnail size-thumbnail\" alt=\"\" aria-describedby=\"gallery-1-620\" srcset=\"https:\/\/www.p-ba.de\/blog\/wp-content\/uploads\/2018\/04\/091-1600-1-150x150.jpg 150w, https:\/\/www.p-ba.de\/blog\/wp-content\/uploads\/2018\/04\/091-1600-1-100x100.jpg 100w\" sizes=\"auto, 100vw\" \/><\/a>\n\t\t\t<\/div>\n\t\t\t\t<figcaption class='wp-caption-text gallery-caption' id='gallery-1-620'>\n\t\t\t\tAnbau Wohnhaus \n\t\t\t\t<\/figcaption><\/figure><figure class='gallery-item'>\n\t\t\t<div class='gallery-icon landscape'>\n\t\t\t\t<a href='https:\/\/www.p-ba.de\/blog\/wp-content\/uploads\/2018\/04\/120-1600-1.jpg'><img loading=\"lazy\" decoding=\"async\" width=\"150\" height=\"150\" src=\"https:\/\/www.p-ba.de\/blog\/wp-content\/uploads\/2018\/04\/120-1600-1-150x150.jpg\" class=\"attachment-thumbnail size-thumbnail\" alt=\"\" aria-describedby=\"gallery-1-623\" srcset=\"https:\/\/www.p-ba.de\/blog\/wp-content\/uploads\/2018\/04\/120-1600-1-150x150.jpg 150w, https:\/\/www.p-ba.de\/blog\/wp-content\/uploads\/2018\/04\/120-1600-1-100x100.jpg 100w\" sizes=\"auto, 100vw\" \/><\/a>\n\t\t\t<\/div>\n\t\t\t\t<figcaption class='wp-caption-text gallery-caption' id='gallery-1-623'>\n\t\t\t\tDachausbau mit neuen Gauben\n\t\t\t\t<\/figcaption><\/figure><figure class='gallery-item'>\n\t\t\t<div class='gallery-icon portrait'>\n\t\t\t\t<a href='https:\/\/www.p-ba.de\/blog\/wp-content\/uploads\/2018\/04\/088-1600-3.jpg'><img loading=\"lazy\" decoding=\"async\" width=\"150\" height=\"150\" src=\"https:\/\/www.p-ba.de\/blog\/wp-content\/uploads\/2018\/04\/088-1600-3-150x150.jpg\" class=\"attachment-thumbnail size-thumbnail\" alt=\"\" aria-describedby=\"gallery-1-619\" srcset=\"https:\/\/www.p-ba.de\/blog\/wp-content\/uploads\/2018\/04\/088-1600-3-150x150.jpg 150w, https:\/\/www.p-ba.de\/blog\/wp-content\/uploads\/2018\/04\/088-1600-3-100x100.jpg 100w\" sizes=\"auto, 100vw\" \/><\/a>\n\t\t\t<\/div>\n\t\t\t\t<figcaption class='wp-caption-text gallery-caption' id='gallery-1-619'>\n\t\t\t\tAufstockung Wohnhaus \n\t\t\t\t<\/figcaption><\/figure><figure class='gallery-item'>\n\t\t\t<div class='gallery-icon portrait'>\n\t\t\t\t<a href='https:\/\/www.p-ba.de\/blog\/wp-content\/uploads\/2018\/04\/171-1600-1.jpg'><img loading=\"lazy\" decoding=\"async\" width=\"150\" height=\"150\" src=\"https:\/\/www.p-ba.de\/blog\/wp-content\/uploads\/2018\/04\/171-1600-1-150x150.jpg\" class=\"attachment-thumbnail size-thumbnail\" alt=\"\" aria-describedby=\"gallery-1-626\" srcset=\"https:\/\/www.p-ba.de\/blog\/wp-content\/uploads\/2018\/04\/171-1600-1-150x150.jpg 150w, https:\/\/www.p-ba.de\/blog\/wp-content\/uploads\/2018\/04\/171-1600-1-100x100.jpg 100w\" sizes=\"auto, 100vw\" \/><\/a>\n\t\t\t<\/div>\n\t\t\t\t<figcaption class='wp-caption-text gallery-caption' id='gallery-1-626'>\n\t\t\t\tenergetische Sanierung mit Balkon\n\t\t\t\t<\/figcaption><\/figure><figure class='gallery-item'>\n\t\t\t<div class='gallery-icon landscape'>\n\t\t\t\t<a href='https:\/\/www.p-ba.de\/blog\/wp-content\/uploads\/2018\/04\/186-1600.jpg'><img loading=\"lazy\" decoding=\"async\" width=\"150\" height=\"150\" src=\"https:\/\/www.p-ba.de\/blog\/wp-content\/uploads\/2018\/04\/186-1600-150x150.jpg\" class=\"attachment-thumbnail size-thumbnail\" alt=\"\" aria-describedby=\"gallery-1-628\" srcset=\"https:\/\/www.p-ba.de\/blog\/wp-content\/uploads\/2018\/04\/186-1600-150x150.jpg 150w, https:\/\/www.p-ba.de\/blog\/wp-content\/uploads\/2018\/04\/186-1600-100x100.jpg 100w\" sizes=\"auto, 100vw\" \/><\/a>\n\t\t\t<\/div>\n\t\t\t\t<figcaption class='wp-caption-text gallery-caption' id='gallery-1-628'>\n\t\t\t\tNeubau von Gauben\n\t\t\t\t<\/figcaption><\/figure><figure class='gallery-item'>\n\t\t\t<div class='gallery-icon landscape'>\n\t\t\t\t<a href='https:\/\/www.p-ba.de\/blog\/wp-content\/uploads\/2018\/04\/227-1600-1.jpg'><img loading=\"lazy\" decoding=\"async\" width=\"150\" height=\"150\" src=\"https:\/\/www.p-ba.de\/blog\/wp-content\/uploads\/2018\/04\/227-1600-1-150x150.jpg\" class=\"attachment-thumbnail size-thumbnail\" alt=\"\" aria-describedby=\"gallery-1-629\" srcset=\"https:\/\/www.p-ba.de\/blog\/wp-content\/uploads\/2018\/04\/227-1600-1-150x150.jpg 150w, https:\/\/www.p-ba.de\/blog\/wp-content\/uploads\/2018\/04\/227-1600-1-100x100.jpg 100w\" sizes=\"auto, 100vw\" \/><\/a>\n\t\t\t<\/div>\n\t\t\t\t<figcaption class='wp-caption-text gallery-caption' id='gallery-1-629'>\n\t\t\t\tenergetische Sanierung\n\t\t\t\t<\/figcaption><\/figure><figure class='gallery-item'>\n\t\t\t<div class='gallery-icon landscape'>\n\t\t\t\t<a href='https:\/\/www.p-ba.de\/blog\/wp-content\/uploads\/2018\/04\/229-1600-1.jpg'><img loading=\"lazy\" decoding=\"async\" width=\"150\" height=\"150\" src=\"https:\/\/www.p-ba.de\/blog\/wp-content\/uploads\/2018\/04\/229-1600-1-150x150.jpg\" class=\"attachment-thumbnail size-thumbnail\" alt=\"\" aria-describedby=\"gallery-1-630\" srcset=\"https:\/\/www.p-ba.de\/blog\/wp-content\/uploads\/2018\/04\/229-1600-1-150x150.jpg 150w, https:\/\/www.p-ba.de\/blog\/wp-content\/uploads\/2018\/04\/229-1600-1-100x100.jpg 100w\" sizes=\"auto, 100vw\" \/><\/a>\n\t\t\t<\/div>\n\t\t\t\t<figcaption class='wp-caption-text gallery-caption' id='gallery-1-630'>\n\t\t\t\tDachausbau und energetische Sanierung \n\t\t\t\t<\/figcaption><\/figure><figure class='gallery-item'>\n\t\t\t<div class='gallery-icon landscape'>\n\t\t\t\t<a href='https:\/\/www.p-ba.de\/blog\/wp-content\/uploads\/2018\/04\/237-1600-2.jpg'><img loading=\"lazy\" decoding=\"async\" width=\"150\" height=\"150\" src=\"https:\/\/www.p-ba.de\/blog\/wp-content\/uploads\/2018\/04\/237-1600-2-150x150.jpg\" class=\"attachment-thumbnail size-thumbnail\" alt=\"\" aria-describedby=\"gallery-1-635\" srcset=\"https:\/\/www.p-ba.de\/blog\/wp-content\/uploads\/2018\/04\/237-1600-2-150x150.jpg 150w, https:\/\/www.p-ba.de\/blog\/wp-content\/uploads\/2018\/04\/237-1600-2-100x100.jpg 100w\" sizes=\"auto, 100vw\" \/><\/a>\n\t\t\t<\/div>\n\t\t\t\t<figcaption class='wp-caption-text gallery-caption' id='gallery-1-635'>\n\t\t\t\tAufstockung Wohnhaus\n\t\t\t\t<\/figcaption><\/figure><figure class='gallery-item'>\n\t\t\t<div class='gallery-icon landscape'>\n\t\t\t\t<a href='https:\/\/www.p-ba.de\/blog\/wp-content\/uploads\/2018\/04\/299-1200.jpg'><img loading=\"lazy\" decoding=\"async\" width=\"150\" height=\"150\" src=\"https:\/\/www.p-ba.de\/blog\/wp-content\/uploads\/2018\/04\/299-1200-150x150.jpg\" class=\"attachment-thumbnail size-thumbnail\" alt=\"\" aria-describedby=\"gallery-1-639\" srcset=\"https:\/\/www.p-ba.de\/blog\/wp-content\/uploads\/2018\/04\/299-1200-150x150.jpg 150w, https:\/\/www.p-ba.de\/blog\/wp-content\/uploads\/2018\/04\/299-1200-100x100.jpg 100w\" sizes=\"auto, 100vw\" \/><\/a>\n\t\t\t<\/div>\n\t\t\t\t<figcaption class='wp-caption-text gallery-caption' id='gallery-1-639'>\n\t\t\t\tSanierung Wohnhaus mit Denkmalschutz\n\t\t\t\t<\/figcaption><\/figure><figure class='gallery-item'>\n\t\t\t<div class='gallery-icon landscape'>\n\t\t\t\t<a href='https:\/\/www.p-ba.de\/blog\/wp-content\/uploads\/2018\/04\/299-16002.jpg'><img loading=\"lazy\" decoding=\"async\" width=\"150\" height=\"150\" src=\"https:\/\/www.p-ba.de\/blog\/wp-content\/uploads\/2018\/04\/299-16002-150x150.jpg\" class=\"attachment-thumbnail size-thumbnail\" alt=\"\" aria-describedby=\"gallery-1-640\" srcset=\"https:\/\/www.p-ba.de\/blog\/wp-content\/uploads\/2018\/04\/299-16002-150x150.jpg 150w, https:\/\/www.p-ba.de\/blog\/wp-content\/uploads\/2018\/04\/299-16002-100x100.jpg 100w\" sizes=\"auto, 100vw\" \/><\/a>\n\t\t\t<\/div>\n\t\t\t\t<figcaption class='wp-caption-text gallery-caption' id='gallery-1-640'>\n\t\t\t\tSanierung Wohnhaus mit Denkmalschutz\n\t\t\t\t<\/figcaption><\/figure><figure class='gallery-item'>\n\t\t\t<div class='gallery-icon landscape'>\n\t\t\t\t<a href='https:\/\/www.p-ba.de\/blog\/wp-content\/uploads\/2018\/04\/263-1600-1.jpg'><img loading=\"lazy\" decoding=\"async\" width=\"150\" height=\"150\" src=\"https:\/\/www.p-ba.de\/blog\/wp-content\/uploads\/2018\/04\/263-1600-1-150x150.jpg\" class=\"attachment-thumbnail size-thumbnail\" alt=\"\" aria-describedby=\"gallery-1-638\" srcset=\"https:\/\/www.p-ba.de\/blog\/wp-content\/uploads\/2018\/04\/263-1600-1-150x150.jpg 150w, https:\/\/www.p-ba.de\/blog\/wp-content\/uploads\/2018\/04\/263-1600-1-100x100.jpg 100w\" sizes=\"auto, 100vw\" \/><\/a>\n\t\t\t<\/div>\n\t\t\t\t<figcaption class='wp-caption-text gallery-caption' id='gallery-1-638'>\n\t\t\t\tenergetische Sanierung mit Anbau\n\t\t\t\t<\/figcaption><\/figure><figure class='gallery-item'>\n\t\t\t<div class='gallery-icon landscape'>\n\t\t\t\t<a href='https:\/\/www.p-ba.de\/blog\/wp-content\/uploads\/2018\/04\/454-16001.jpg'><img loading=\"lazy\" decoding=\"async\" width=\"150\" height=\"150\" src=\"https:\/\/www.p-ba.de\/blog\/wp-content\/uploads\/2018\/04\/454-16001-150x150.jpg\" class=\"attachment-thumbnail size-thumbnail\" alt=\"\" aria-describedby=\"gallery-1-644\" srcset=\"https:\/\/www.p-ba.de\/blog\/wp-content\/uploads\/2018\/04\/454-16001-150x150.jpg 150w, https:\/\/www.p-ba.de\/blog\/wp-content\/uploads\/2018\/04\/454-16001-100x100.jpg 100w\" sizes=\"auto, 100vw\" \/><\/a>\n\t\t\t<\/div>\n\t\t\t\t<figcaption class='wp-caption-text gallery-caption' id='gallery-1-644'>\n\t\t\t\tenergetische Sanierung\n\t\t\t\t<\/figcaption><\/figure><figure class='gallery-item'>\n\t\t\t<div class='gallery-icon landscape'>\n\t\t\t\t<a href='https:\/\/www.p-ba.de\/blog\/wp-content\/uploads\/2018\/04\/116-1600-1.jpg'><img loading=\"lazy\" decoding=\"async\" width=\"150\" height=\"150\" src=\"https:\/\/www.p-ba.de\/blog\/wp-content\/uploads\/2018\/04\/116-1600-1-150x150.jpg\" class=\"attachment-thumbnail size-thumbnail\" alt=\"\" aria-describedby=\"gallery-1-622\" srcset=\"https:\/\/www.p-ba.de\/blog\/wp-content\/uploads\/2018\/04\/116-1600-1-150x150.jpg 150w, https:\/\/www.p-ba.de\/blog\/wp-content\/uploads\/2018\/04\/116-1600-1-100x100.jpg 100w\" sizes=\"auto, 100vw\" \/><\/a>\n\t\t\t<\/div>\n\t\t\t\t<figcaption class='wp-caption-text gallery-caption' id='gallery-1-622'>\n\t\t\t\tSanierung Bibliothek\n\t\t\t\t<\/figcaption><\/figure><figure class='gallery-item'>\n\t\t\t<div class='gallery-icon landscape'>\n\t\t\t\t<a href='https:\/\/www.p-ba.de\/blog\/wp-content\/uploads\/2018\/04\/156-1600-1.jpg'><img loading=\"lazy\" decoding=\"async\" width=\"150\" height=\"150\" src=\"https:\/\/www.p-ba.de\/blog\/wp-content\/uploads\/2018\/04\/156-1600-1-150x150.jpg\" class=\"attachment-thumbnail size-thumbnail\" alt=\"\" aria-describedby=\"gallery-1-625\" srcset=\"https:\/\/www.p-ba.de\/blog\/wp-content\/uploads\/2018\/04\/156-1600-1-150x150.jpg 150w, https:\/\/www.p-ba.de\/blog\/wp-content\/uploads\/2018\/04\/156-1600-1-100x100.jpg 100w\" sizes=\"auto, 100vw\" \/><\/a>\n\t\t\t<\/div>\n\t\t\t\t<figcaption class='wp-caption-text gallery-caption' id='gallery-1-625'>\n\t\t\t\tNeubau Umkleide Sportplatz\n\t\t\t\t<\/figcaption><\/figure><figure class='gallery-item'>\n\t\t\t<div class='gallery-icon landscape'>\n\t\t\t\t<a href='https:\/\/www.p-ba.de\/blog\/wp-content\/uploads\/2013\/08\/051-kur-vordach02.jpg'><img loading=\"lazy\" decoding=\"async\" width=\"150\" height=\"150\" src=\"https:\/\/www.p-ba.de\/blog\/wp-content\/uploads\/2013\/08\/051-kur-vordach02-150x150.jpg\" class=\"attachment-thumbnail size-thumbnail\" alt=\"Kureck Wiesbaden\" aria-describedby=\"gallery-1-129\" sizes=\"auto, 100vw\" \/><\/a>\n\t\t\t<\/div>\n\t\t\t\t<figcaption class='wp-caption-text gallery-caption' id='gallery-1-129'>\n\t\t\t\tKureck Wiesbaden Sanierung \n\t\t\t\t<\/figcaption><\/figure><figure class='gallery-item'>\n\t\t\t<div class='gallery-icon portrait'>\n\t\t\t\t<a href='https:\/\/www.p-ba.de\/blog\/wp-content\/uploads\/2018\/04\/056-1600.jpg'><img loading=\"lazy\" decoding=\"async\" width=\"150\" height=\"150\" src=\"https:\/\/www.p-ba.de\/blog\/wp-content\/uploads\/2018\/04\/056-1600-150x150.jpg\" class=\"attachment-thumbnail size-thumbnail\" alt=\"\" aria-describedby=\"gallery-1-615\" srcset=\"https:\/\/www.p-ba.de\/blog\/wp-content\/uploads\/2018\/04\/056-1600-150x150.jpg 150w, https:\/\/www.p-ba.de\/blog\/wp-content\/uploads\/2018\/04\/056-1600-100x100.jpg 100w\" sizes=\"auto, 100vw\" \/><\/a>\n\t\t\t<\/div>\n\t\t\t\t<figcaption class='wp-caption-text gallery-caption' id='gallery-1-615'>\n\t\t\t\tSanierung Denkmalschutz\n\t\t\t\t<\/figcaption><\/figure><figure class='gallery-item'>\n\t\t\t<div class='gallery-icon portrait'>\n\t\t\t\t<a href='https:\/\/www.p-ba.de\/blog\/wp-content\/uploads\/2018\/04\/gass-f-2.jpg'><img loading=\"lazy\" decoding=\"async\" width=\"150\" height=\"150\" src=\"https:\/\/www.p-ba.de\/blog\/wp-content\/uploads\/2018\/04\/gass-f-2-150x150.jpg\" class=\"attachment-thumbnail size-thumbnail\" alt=\"\" aria-describedby=\"gallery-1-617\" srcset=\"https:\/\/www.p-ba.de\/blog\/wp-content\/uploads\/2018\/04\/gass-f-2-150x150.jpg 150w, https:\/\/www.p-ba.de\/blog\/wp-content\/uploads\/2018\/04\/gass-f-2-100x100.jpg 100w\" sizes=\"auto, 100vw\" \/><\/a>\n\t\t\t<\/div>\n\t\t\t\t<figcaption class='wp-caption-text gallery-caption' id='gallery-1-617'>\n\t\t\t\tUmbau Atelier\n\t\t\t\t<\/figcaption><\/figure>\n\t\t<\/div>\n\n<h4><strong>Professionelle Architekten f\u00fcr Ihr Bauvorhaben<\/strong><\/h4>\n<p>Bauen ist eine bedeutende Investition und erfordert sorgf\u00e4ltige Planung, um die Qualit\u00e4t zu sichern und das beste Preis-Leistungs-Verh\u00e4ltnis zu erzielen. Mit unserer langj\u00e4hrigen Erfahrung und umfassenden Expertise garantieren wir Ihnen h\u00f6chste Standards in allen Phasen Ihres Projekts.<\/p>\n<h4><strong>Unsere Leistungen umfassen:<\/strong><\/h4>\n<ul>\n<li><strong>Neubau, Sanierung, Umbau und Erweiterung:<\/strong> <br \/>Ma\u00dfgeschneiderte L\u00f6sungen f\u00fcr jede Bauaufgabe.<\/li>\n<li><strong>Entwurf und Kostenermittlung:<\/strong> <br \/>Pr\u00e4zise Planung und transparente Kosten\u00fcbersicht.<\/li>\n<li><strong>Ausschreibung der Bauleistungen:<\/strong> <br \/>Professionelle Abwicklung und Auswahl der besten Anbieter.<\/li>\n<li><strong>Koordination und \u00dcberwachung der Ausf\u00fchrung:<\/strong> <br \/>Reibungslose Abl\u00e4ufe und hohe Qualit\u00e4tsstandards.<\/li>\n<li><strong>Bau\u00fcberwachung:<\/strong> <br \/>St\u00e4ndige Kontrolle und Sicherstellung der einwandfreien Umsetzung.<\/li>\n<\/ul>\n<p>Vertrauen Sie auf unsere Kompetenz und lassen Sie uns gemeinsam Ihr Bauvorhaben zum Erfolg f\u00fchren!<\/p>\n\n\n<p><\/p>\n","protected":false},"excerpt":{"rendered":"<p>Professionelle Architekten f\u00fcr Ihr Bauvorhaben Bauen ist eine bedeutende Investition und erfordert sorgf\u00e4ltige Planung, um die Qualit\u00e4t zu sichern und das beste Preis-Leistungs-Verh\u00e4ltnis zu erzielen. Mit unserer langj\u00e4hrigen Erfahrung und umfassenden Expertise garantieren wir Ihnen h\u00f6chste Standards in allen Phasen Ihres Projekts. Unsere Leistungen umfassen: Neubau, Sanierung, Umbau und Erweiterung: Ma\u00dfgeschneiderte L\u00f6sungen f\u00fcr jede Bauaufgabe. &hellip; <\/p>\n<p class=\"link-more\"><a href=\"https:\/\/www.p-ba.de\/\" class=\"more-link\"><span class=\"screen-reader-text\">\u201eProjekte\u201c <\/span>weiterlesen<\/a><\/p>\n","protected":false},"author":1,"featured_media":0,"parent":0,"menu_order":0,"comment_status":"closed","ping_status":"closed","template":"","meta":{"footnotes":""},"class_list":["post-493","page","type-page","status-publish","hentry"],"_links":{"self":[{"href":"https:\/\/www.p-ba.de\/index.php?rest_route=\/wp\/v2\/pages\/493","targetHints":{"allow":["GET"]}}],"collection":[{"href":"https:\/\/www.p-ba.de\/index.php?rest_route=\/wp\/v2\/pages"}],"about":[{"href":"https:\/\/www.p-ba.de\/index.php?rest_route=\/wp\/v2\/types\/page"}],"author":[{"embeddable":true,"href":"https:\/\/www.p-ba.de\/index.php?rest_route=\/wp\/v2\/users\/1"}],"replies":[{"embeddable":true,"href":"https:\/\/www.p-ba.de\/index.php?rest_route=%2Fwp%2Fv2%2Fcomments&post=493"}],"version-history":[{"count":21,"href":"https:\/\/www.p-ba.de\/index.php?rest_route=\/wp\/v2\/pages\/493\/revisions"}],"predecessor-version":[{"id":817,"href":"https:\/\/www.p-ba.de\/index.php?rest_route=\/wp\/v2\/pages\/493\/revisions\/817"}],"wp:attachment":[{"href":"https:\/\/www.p-ba.de\/index.php?rest_route=%2Fwp%2Fv2%2Fmedia&parent=493"}],"curies":[{"name":"wp","href":"https:\/\/api.w.org\/{rel}","templated":true}]}}