{"id":15,"date":"2024-07-05T13:40:17","date_gmt":"2024-07-05T12:40:17","guid":{"rendered":"http:\/\/www.p-ba.de\/blog\/?page_id=15"},"modified":"2024-07-05T13:43:25","modified_gmt":"2024-07-05T12:43:25","slug":"brandschutz","status":"publish","type":"page","link":"https:\/\/www.p-ba.de\/?page_id=15","title":{"rendered":"Brandschutz"},"content":{"rendered":"<h3>Vorbeugender Brandschutz in Planung und Ausf\u00fchrung<\/h3>\n<p>Der vorbeugende Brandschutz umfasst zahlreiche Aufgaben, die sowohl in der Planung als auch in der Ausf\u00fchrung ber\u00fccksichtigt werden m\u00fcssen. Besonders bei Neubauten und Nutzungs\u00e4nderungen von Sonder- und Industriebauten ist ein umfassendes Brandschutzkonzept erforderlich. F\u00fcr Geb\u00e4ude der Geb\u00e4udeklasse 1-4 muss der Brandschutznachweis von einem Nachweisberechtigten erstellt werden.<\/p>\n<h3>Unsere Leistungen im Bereich Brandschutz<\/h3>\n<p>Wir sind in der Liste f\u00fcr den vorbeugenden Brandschutz (NbvO-AKH) eingetragen und somit f\u00fcr das Aufstellen von Brandschutzkonzepten im Rahmen von Bauantr\u00e4gen zugelassen. Unsere Dienstleistungen umfassen:<\/p>\n<ul>\n<li><strong>Beratung zum Brandschutz im Bestand<\/strong><\/li>\n<li><strong>Nachweis f\u00fcr den vorbeugenden Brandschutz f\u00fcr Geb\u00e4udeklasse 1-3 (HBO)<\/strong><\/li>\n<li><strong>Nachweis f\u00fcr den vorbeugenden Brandschutz f\u00fcr Geb\u00e4udeklasse 4 (HBO)<\/strong><\/li>\n<li><strong>Brandschutzkonzept f\u00fcr Sonderbauten<\/strong><\/li>\n<li><strong>Brandschutzkonzept nach Muster-Industriebaurichtlinie<\/strong><\/li>\n<li><strong>Beratung, Planung und Bau\u00fcberwachung<\/strong><\/li>\n<li><strong>Erstellung von Flucht- und Rettungspl\u00e4nen<\/strong><\/li>\n<li><strong>Feuerwehrpl\u00e4ne<\/strong><\/li>\n<li><strong>Brandschutzpl\u00e4ne<\/strong><\/li>\n<\/ul>\n<h3>Flucht- und Rettungspl\u00e4ne<\/h3>\n<p>Gem\u00e4\u00df der Arbeitsst\u00e4ttenverordnung sind Flucht- und Rettungspl\u00e4ne erforderlich, wenn die Lage, Ausdehnung oder Nutzung der Arbeitsst\u00e4tte dies erfordert. Diese Pl\u00e4ne m\u00fcssen klare Anweisungen enthalten, wie sich Personen im Gefahr- oder Katastrophenfall verhalten sollen, um sich schnellstm\u00f6glich in Sicherheit zu bringen.<\/p>\n<h3>Feuerwehrpl\u00e4ne<\/h3>\n<p>Feuerwehrpl\u00e4ne nach DIN 14095 dienen der Feuerwehr zur schnellen Orientierung und zur Lagebeurteilung. Diese Pl\u00e4ne m\u00fcssen:<\/p>\n<ul>\n<li>Angaben \u00fcber Gefahrstoffe und Gefahrengruppen bei radioaktiven Stoffen und in gentechnischen Labors enthalten<\/li>\n<li>Warnhinweise auf nicht einsetzbare L\u00f6schmittel enthalten<\/li>\n<li>Auf besondere brandschutztechnische Risiken hinweisen<\/li>\n<li>J\u00e4hrlich \u00fcberpr\u00fcft und gegebenenfalls angepasst werden<\/li>\n<\/ul>\n<p>&nbsp;<\/p>\n<h3 style=\"padding-top: 0px;\">Referenzen im Brandschutz<\/h3>\n<ul>\n<li class=\"Text-Link\"><b>Brandschutznachweise f\u00fcr Geb\u00e4udeklasse 4<\/b><\/li>\n<li class=\"Text-Liste\">Sanierung Massenheimer Schloss<\/li>\n<li class=\"Text-Liste\">Sanierung 4 -Familienhaus in Hanau<\/li>\n<li class=\"Text-Liste\">Neubau 3-Familienwohnhaus in Weilbach<\/li>\n<li class=\"Text-Liste\">Wohnanlage mit ca. 60 Wohneinheiten<\/li>\n<li class=\"Text-Liste\">B\u00fcro- und Gesch\u00e4ftsh\u00e4user in Frankfurt<\/li>\n<li class=\"Text-Liste\">Umbau Gewerbebetrieb Idstein<\/li>\n<li class=\"Text-Liste\">Ausbau MFH in Wiesbaden<\/li>\n<li class=\"Text-Liste\">und weitere Wohn- und Gesch\u00e4ftsh\u00e4user<\/li>\n<li class=\"Text\"><b>Brandschutzkonzept f\u00fcr Geb\u00e4udeklasse 5<\/b><\/li>\n<li class=\"Text-Liste\">Umbau B\u00fcro und Gesch\u00e4ftshaus in Frankfurt<\/li>\n<li class=\"Text-Liste\">Verbrauchermarkt in Offenbach<\/li>\n<li class=\"Text-Liste\">\u00c4rztehaus in Frankfurt<\/li>\n<li class=\"Text\"><b>Brandschutzkonzept f\u00fcr Sonderbauten<\/b><\/li>\n<li>mehrere B\u00fcrogeb\u00e4ude in Wiesbaden<\/li>\n<li>mehrere Schulgeb\u00e4ude Wiesbaden<\/li>\n<li class=\"Text-Liste\">Stadthalle und Versammlungsst\u00e4tten im Kriftel<\/li>\n<li class=\"Text-Liste\">Umbau eines Kindergarten in Wiesbaden<\/li>\n<li class=\"Text-Liste\">Gewerbe- und Lagergeb\u00e4ude Neubau in Eddersheim<\/li>\n<li class=\"Text-Liste\">Industriebauten nach IndBauR im Hattersheim<\/li>\n<li class=\"Text-Liste\">Industriebauten nach IndBauR im Mainz-Kastel<\/li>\n<li class=\"Text-Liste\">Gastronomie in Wiesbaden<\/li>\n<li class=\"Text-Liste\">Hotel in Sulzbach<\/li>\n<li>Hotel in Kronberg<\/li>\n<li class=\"Text-Liste\">Industriebau in Hofheim<\/li>\n<li class=\"Text-Liste\">Industriebauen Wiesbaden<\/li>\n<li class=\"Text-Liste\">Fachklinik in Hofheim<\/li>\n<li class=\"Text-Liste\">Altenpflegeheim im Eppstein<\/li>\n<li>Facharztzentrum Bad Soden<\/li>\n<li>B\u00fcrogeb\u00e4ude Bad Homburg<\/li>\n<li>Hessisches Staatstheater in Wiesbaden\n<ul>\n<li>und weitere Sonderbauten<\/li>\n<\/ul>\n<\/li>\n<\/ul>\n","protected":false},"excerpt":{"rendered":"<p>Vorbeugender Brandschutz in Planung und Ausf\u00fchrung Der vorbeugende Brandschutz umfasst zahlreiche Aufgaben, die sowohl in der Planung als auch in der Ausf\u00fchrung ber\u00fccksichtigt werden m\u00fcssen. Besonders bei Neubauten und Nutzungs\u00e4nderungen von Sonder- und Industriebauten ist ein umfassendes Brandschutzkonzept erforderlich. F\u00fcr Geb\u00e4ude der Geb\u00e4udeklasse 1-4 muss der Brandschutznachweis von einem Nachweisberechtigten erstellt werden. Unsere Leistungen im &hellip; <\/p>\n<p class=\"link-more\"><a href=\"https:\/\/www.p-ba.de\/?page_id=15\" class=\"more-link\"><span class=\"screen-reader-text\">\u201eBrandschutz\u201c <\/span>weiterlesen<\/a><\/p>\n","protected":false},"author":1,"featured_media":0,"parent":0,"menu_order":3,"comment_status":"closed","ping_status":"closed","template":"","meta":{"footnotes":""},"class_list":["post-15","page","type-page","status-publish","hentry"],"_links":{"self":[{"href":"https:\/\/www.p-ba.de\/index.php?rest_route=\/wp\/v2\/pages\/15","targetHints":{"allow":["GET"]}}],"collection":[{"href":"https:\/\/www.p-ba.de\/index.php?rest_route=\/wp\/v2\/pages"}],"about":[{"href":"https:\/\/www.p-ba.de\/index.php?rest_route=\/wp\/v2\/types\/page"}],"author":[{"embeddable":true,"href":"https:\/\/www.p-ba.de\/index.php?rest_route=\/wp\/v2\/users\/1"}],"replies":[{"embeddable":true,"href":"https:\/\/www.p-ba.de\/index.php?rest_route=%2Fwp%2Fv2%2Fcomments&post=15"}],"version-history":[{"count":20,"href":"https:\/\/www.p-ba.de\/index.php?rest_route=\/wp\/v2\/pages\/15\/revisions"}],"predecessor-version":[{"id":807,"href":"https:\/\/www.p-ba.de\/index.php?rest_route=\/wp\/v2\/pages\/15\/revisions\/807"}],"wp:attachment":[{"href":"https:\/\/www.p-ba.de\/index.php?rest_route=%2Fwp%2Fv2%2Fmedia&parent=15"}],"curies":[{"name":"wp","href":"https:\/\/api.w.org\/{rel}","templated":true}]}}